{"id":14,"date":"2016-09-15T17:51:16","date_gmt":"2016-09-15T20:51:16","guid":{"rendered":"http:\/\/sspmcnp.com.br\/?page_id=14"},"modified":"2023-11-06T13:11:05","modified_gmt":"2023-11-06T16:11:05","slug":"historia-2","status":"publish","type":"page","link":"https:\/\/sspmcnp.com.br\/?page_id=14","title":{"rendered":"Hist\u00f3ria"},"content":{"rendered":"<p><img fetchpriority=\"high\" decoding=\"async\" class=\"wp-image-49 aligncenter\" src=\"http:\/\/sspmcnp.com.br\/wp-content\/uploads\/2016\/09\/IMG_4172.jpg\" alt=\"img_4172\" width=\"819\" height=\"461\" srcset=\"https:\/\/sspmcnp.com.br\/wp-content\/uploads\/2016\/09\/IMG_4172.jpg 1032w, https:\/\/sspmcnp.com.br\/wp-content\/uploads\/2016\/09\/IMG_4172-300x170.jpg 300w, https:\/\/sspmcnp.com.br\/wp-content\/uploads\/2016\/09\/IMG_4172-768x432.jpg 768w, https:\/\/sspmcnp.com.br\/wp-content\/uploads\/2016\/09\/IMG_4172-1024x576.jpg 1024w, https:\/\/sspmcnp.com.br\/wp-content\/uploads\/2016\/09\/IMG_4172-338x190.jpg 338w\" sizes=\"(max-width: 819px) 100vw, 819px\" \/><\/p>\n<p>No dia 2 de novembro de 1992, reuniram-se os servidores p\u00fablicos municipais de Campo Novo do Parecis em Assembleia Geral ordin\u00e1ria no pr\u00e9dio da biblioteca P\u00fablica Municipal com a seguinte ordem do dia.<\/p>\n<p>1\u00ba Funda\u00e7\u00e3o da Associa\u00e7\u00e3o dos Servidores P\u00fablicos Municipais de Campo Novo;<\/p>\n<p>2\u00ba Elei\u00e7\u00e3o da Diretoria;<\/p>\n<p>3\u00ba Discuss\u00e3o e aprova\u00e7\u00e3o do Estatuto<\/p>\n<p>Nesta oportunidade o prefeito Euclides Host, o vice prefeito e Aldir Schneider, tiveram uma participa\u00e7\u00e3o especial nesta reuni\u00e3o, quem presidiu os trabalhos foi o servidor H\u00e9lio Lemainsk Johann, com assessoramento jur\u00eddico da Dr. Telma de Medeiros Rosa.<\/p>\n<blockquote><p>Na ocasi\u00e3o foi comunicado aos presentes que o poder p\u00fablico estava doando uma \u00e1rea para associa\u00e7\u00e3o de servidores conforme a Lei n\u00ba 288 de 29 de setembro de 1992, para a constru\u00e7\u00e3o de futuras instala\u00e7\u00f5es. Neste momento nascia um come\u00e7o de uma grande jornada at\u00e9 chegarmos ao Sindicado dos Servidores P\u00fablicos Municipais, com o seu devido registro no Minist\u00e9rio do Trabalho fato este que s\u00f3 veio a se concretizar em 2007.<\/p><\/blockquote>\n<p>Mas at\u00e9 chegarmos a este patamar tivemos uma grande participa\u00e7\u00e3o de muitos servidores, cada um deixou a sua contribui\u00e7\u00e3o e o que era necess\u00e1rio a se fazer no momento.<\/p>\n<p>No inicio a maior necessidade era de reunir um bom numero de pessoas para fazer compras no munic\u00edpio vizinho, pois o nosso n\u00e3o possu\u00eda um grande mercado, o comercio estava come\u00e7ando. Faziam-se compras em atacado e dividia com os servidores. Com a associa\u00e7\u00e3o funcionando come\u00e7ou as articula\u00e7\u00f5es para as melhorias trabalhista dos servidores como o primeiro Estatuto do Magist\u00e9rio, a cria\u00e7\u00e3o do FUNSEM e assim por diante. E n\u00e3o podemos deixar de recordar dos mutir\u00f5es e festas a fim arrecadar recursos a favor da constru\u00e7\u00e3o da nossa sede.<\/p>\n<p>A partir de 2007 com o reconhecimento do Minist\u00e9rio do Trabalho, recebemos a nossa primeira contribui\u00e7\u00e3o sindical em 2008, dando uma maior independ\u00eancia financeira e agilizando o crescimento f\u00edsico, financeiro e administrativo do SSPM. Fomos um dos primeiros munic\u00edpios do Estado do Mato Grosso a conquistar a Carta Sindical.<\/p>\n<p>Hoje a nossa entidade \u00e9 considerada uma das maiores entidades organizada documentalmente da regi\u00e3o, podendo defender seus s\u00f3cios sem medo ou receio de irregularidades administrativas, promovendo o bem estar aos seus sindicalizados atrav\u00e9s lazer e da fiscaliza\u00e7\u00e3o das a\u00e7\u00f5es do executivo municipal trazendo seguran\u00e7a e benef\u00edcios atrav\u00e9s de parcerias<\/p>\n<p><strong>Presidentes da Associa\u00e7\u00e3o<\/strong><\/p>\n<ul>\n<li>1\u00ba Mauro Valter Berft<\/li>\n<li>2\u00ba Lourival Vicente de Freitas Reis<\/li>\n<li>3\u00ba Jos\u00e9 Afonso Schommer<\/li>\n<li>4\u00ba Airton Sebasti\u00e3o Moreira<\/li>\n<li>5\u00ba Jair Ant\u00f4nio Dallazem<\/li>\n<li>6\u00ba Edilson Alves Vieira<\/li>\n<\/ul>\n<p><strong>Presidentes do Sindicato<\/strong><\/p>\n<ul>\n<li>1\u00ba Nedilson Maciel dos Santos (2007 a 2010)<\/li>\n<li>2\u00ba Nedilson Maciel dos Santos (2010 a 2013)<\/li>\n<li>3\u00ba Jerusa Pinto Pinheiro (2013 a 2016)<\/li>\n<li>4\u00ba Jerusa Pinto Pinheiro (2016 a 2019)<\/li>\n<li>5\u00ba Jerusa Pinto Pinheiro (2019 a 2022)<\/li>\n<li>6\u00ba Jerusa Pinto Pinheiro (2022 a 2025)<\/li>\n<\/ul>\n","protected":false},"excerpt":{"rendered":"<p>No dia 2 de novembro de 1992, reuniram-se os servidores p\u00fablicos municipais de Campo Novo<\/p>\n","protected":false},"author":1,"featured_media":0,"parent":0,"menu_order":0,"comment_status":"closed","ping_status":"closed","template":"","meta":{"footnotes":""},"class_list":["post-14","page","type-page","status-publish","hentry"],"_links":{"self":[{"href":"https:\/\/sspmcnp.com.br\/index.php?rest_route=\/wp\/v2\/pages\/14","targetHints":{"allow":["GET"]}}],"collection":[{"href":"https:\/\/sspmcnp.com.br\/index.php?rest_route=\/wp\/v2\/pages"}],"about":[{"href":"https:\/\/sspmcnp.com.br\/index.php?rest_route=\/wp\/v2\/types\/page"}],"author":[{"embeddable":true,"href":"https:\/\/sspmcnp.com.br\/index.php?rest_route=\/wp\/v2\/users\/1"}],"replies":[{"embeddable":true,"href":"https:\/\/sspmcnp.com.br\/index.php?rest_route=%2Fwp%2Fv2%2Fcomments&post=14"}],"version-history":[{"count":12,"href":"https:\/\/sspmcnp.com.br\/index.php?rest_route=\/wp\/v2\/pages\/14\/revisions"}],"predecessor-version":[{"id":8587,"href":"https:\/\/sspmcnp.com.br\/index.php?rest_route=\/wp\/v2\/pages\/14\/revisions\/8587"}],"wp:attachment":[{"href":"https:\/\/sspmcnp.com.br\/index.php?rest_route=%2Fwp%2Fv2%2Fmedia&parent=14"}],"curies":[{"name":"wp","href":"https:\/\/api.w.org\/{rel}","templated":true}]}}